{"id":14,"date":"2012-03-20T11:35:09","date_gmt":"2012-03-20T10:35:09","guid":{"rendered":"http:\/\/schachenzunft.ch\/?page_id=14"},"modified":"2015-06-21T17:56:14","modified_gmt":"2015-06-21T15:56:14","slug":"uber-uns","status":"publish","type":"page","link":"https:\/\/schachenzunft.ch\/?page_id=14","title":{"rendered":"\u00fcber uns"},"content":{"rendered":"<p><strong>Die Schachenzunft \/ Entstehung<\/strong><br \/>\nIm Winter 1975\/76 begab sich eine Gruppe Jugendlicher, haupts\u00e4chlich Sch\u00e4cheler, auf den Stoos zum Skifahren. Dabei ging es gem\u00fctlich zu und her. Kurz darauf wurde im Restaurant &#8222;Neuh\u00fcsli&#8220; in Riedholz die Schachenzunft gegr\u00fcndet und Roger B\u00fcrgy als Pr\u00e4sident gew\u00e4hlt. Im Sommer 1976 fand f\u00fcr die Z\u00fcnftler das erste Fest statt. Bereits ein Jahr sp\u00e4ter waren alle &#8222;Sch\u00e4cheler&#8220; beim Quartierfest willkommen. Eine Arztfamilie aus Z\u00fcrich, welche sie bei einem Weekend auf dem Stoos kennen gelernt hatten, finanzierte die Zunftfahne. Auch Sennenkutteli wurden angeschafft. Anfangs der 80-er Jahre textete Roger B\u00fcrgy das Schachenlied zur Melodie &#8222;Babylon&#8220; von den Boney M. Voller Ideen und Tatendrang organisiert die Zunft immer wieder neue Feste und Anl\u00e4sse, so Velotouren, Wanderungen, Grillabende, Suppenschmaus und Raclette Essen. Einige davon wurden Tradition, andere werden sporadisch angesagt.<\/p>\n<p>Und unter dem Motto &#8222;Die Feste feiern, wie sie fallen&#8220;, feiert man in der kleineren oder gr\u00f6sseren Schachengemeinschaft seit l\u00e4ngerer Zeit Geburtstage, Jubil\u00e4en, Polterabende. Dass sich dabei auch mehr und mehr Bewohner aus dem oberen Dorfteil oder gar von ausw\u00e4rts einfinden, ist im originell gestalteten G\u00e4stebuch ersichtlich. Fest auf dem Programm steht die j\u00e4hrliche Generalversammlung, ebenso ein grosses Schachenfest alle 4 bis 5 Jahre. Beim letzten, im August 2010, ist zus\u00e4tzlich ein Traktoren-Treffen durchgef\u00fchrt worden.<\/p>\n<p>Die Schachenzunft geh\u00f6rt mittlerweile zum Dorf \u201e4543 Ch\u00e4swil\u201c. Die Z\u00fcnftler mit ihren vielen Ideen bereichern auch das Dorfleben. Der idyllische Platz an der Aare, mit dem legend\u00e4ren Fass, ein kleines Heiligtum! Da l\u00e4sst es sich immer wieder gem\u00fctlich sein als &#8222;Sch\u00e4cheler&#8220; und auch als Bewohner von Deitingen! Die Schachenzunft ist politisch unabh\u00e4ngig, k\u00fcmmert sich aber um Anliegen der Bev\u00f6lkerung von Deitingen.<br \/>\nAnna Maria Hubler\/RadiSch\u00f6<\/p>\n","protected":false},"excerpt":{"rendered":"<p>Die Schachenzunft \/ Entstehung Im Winter 1975\/76 begab sich eine Gruppe Jugendlicher, haupts\u00e4chlich Sch\u00e4cheler, auf den Stoos zum Skifahren. Dabei ging es gem\u00fctlich zu und her. Kurz darauf wurde im Restaurant &#8222;Neuh\u00fcsli&#8220; in Riedholz die Schachenzunft gegr\u00fcndet und Roger B\u00fcrgy als Pr\u00e4sident gew\u00e4hlt. Im Sommer 1976 fand f\u00fcr die Z\u00fcnftler das erste Fest statt. Bereits [&hellip;]<\/p>\n","protected":false},"author":1,"featured_media":0,"parent":0,"menu_order":0,"comment_status":"closed","ping_status":"closed","template":"","meta":{"footnotes":""},"class_list":["post-14","page","type-page","status-publish","hentry"],"_links":{"self":[{"href":"https:\/\/schachenzunft.ch\/index.php?rest_route=\/wp\/v2\/pages\/14","targetHints":{"allow":["GET"]}}],"collection":[{"href":"https:\/\/schachenzunft.ch\/index.php?rest_route=\/wp\/v2\/pages"}],"about":[{"href":"https:\/\/schachenzunft.ch\/index.php?rest_route=\/wp\/v2\/types\/page"}],"author":[{"embeddable":true,"href":"https:\/\/schachenzunft.ch\/index.php?rest_route=\/wp\/v2\/users\/1"}],"replies":[{"embeddable":true,"href":"https:\/\/schachenzunft.ch\/index.php?rest_route=%2Fwp%2Fv2%2Fcomments&post=14"}],"version-history":[{"count":17,"href":"https:\/\/schachenzunft.ch\/index.php?rest_route=\/wp\/v2\/pages\/14\/revisions"}],"predecessor-version":[{"id":661,"href":"https:\/\/schachenzunft.ch\/index.php?rest_route=\/wp\/v2\/pages\/14\/revisions\/661"}],"wp:attachment":[{"href":"https:\/\/schachenzunft.ch\/index.php?rest_route=%2Fwp%2Fv2%2Fmedia&parent=14"}],"curies":[{"name":"wp","href":"https:\/\/api.w.org\/{rel}","templated":true}]}}