{"id":60,"date":"2012-03-26T17:00:30","date_gmt":"2012-03-26T15:00:30","guid":{"rendered":"http:\/\/schachenzunft.ch\/?page_id=60"},"modified":"2025-10-03T16:54:46","modified_gmt":"2025-10-03T14:54:46","slug":"mitglieder","status":"publish","type":"page","link":"https:\/\/schachenzunft.ch\/?page_id=60","title":{"rendered":"mitglieder"},"content":{"rendered":"<p>B\u00fcrgy-Keller Maria<br \/>\nB\u00fcrgy Roger<br \/>\nKofmel-B\u00fcrgy Katia<br \/>\nFl\u00fcckiger-B\u00fcrgy Christa<br \/>\nFrei-L\u00fcthi Elsbeth<br \/>\nFrei Guido<br \/>\nFrei Beni<br \/>\nFrei Simon<br \/>\nFrei Jonas<br \/>\nGrenacher-Gobet Beatrice<br \/>\nGrenacher Markus<br \/>\nGrenacher Ueli<br \/>\nGr\u00fctter-D\u00f6segger Rita<br \/>\n+Gr\u00fctter Ruedi<br \/>\nMiesch-Probst Vera<br \/>\nMiesch Roni<br \/>\nSch\u00f6nb\u00e4chler-Kaiser Gaby<br \/>\nSch\u00f6nb\u00e4chler Paul<br \/>\nSch\u00f6nb\u00e4chler Nadine<br \/>\nSch\u00f6nb\u00e4chler-Kiener Christine<br \/>\nSch\u00f6nb\u00e4chler Radi<br \/>\nSteiner Beat<br \/>\nSteiner-von Arx Ursi<br \/>\nSteiner Kurt<br \/>\nStuder Brigitte<br \/>\nStuder Rolf<\/p>\n<p><strong>Ehrenmitglieder<br \/>\n<\/strong>+Gr\u00fctter-Pfister Felix<br \/>\n+Steiner-Moser Hans<\/p>\n","protected":false},"excerpt":{"rendered":"<p>B\u00fcrgy-Keller Maria B\u00fcrgy Roger Kofmel-B\u00fcrgy Katia Fl\u00fcckiger-B\u00fcrgy Christa Frei-L\u00fcthi Elsbeth Frei Guido Frei Beni Frei Simon Frei Jonas Grenacher-Gobet Beatrice Grenacher Markus Grenacher Ueli Gr\u00fctter-D\u00f6segger Rita +Gr\u00fctter Ruedi Miesch-Probst Vera Miesch Roni Sch\u00f6nb\u00e4chler-Kaiser Gaby Sch\u00f6nb\u00e4chler Paul Sch\u00f6nb\u00e4chler Nadine Sch\u00f6nb\u00e4chler-Kiener Christine Sch\u00f6nb\u00e4chler Radi Steiner Beat Steiner-von Arx Ursi Steiner Kurt Studer Brigitte Studer Rolf Ehrenmitglieder +Gr\u00fctter-Pfister [&hellip;]<\/p>\n","protected":false},"author":1,"featured_media":0,"parent":0,"menu_order":0,"comment_status":"closed","ping_status":"closed","template":"","meta":{"footnotes":""},"class_list":["post-60","page","type-page","status-publish","hentry"],"_links":{"self":[{"href":"https:\/\/schachenzunft.ch\/index.php?rest_route=\/wp\/v2\/pages\/60","targetHints":{"allow":["GET"]}}],"collection":[{"href":"https:\/\/schachenzunft.ch\/index.php?rest_route=\/wp\/v2\/pages"}],"about":[{"href":"https:\/\/schachenzunft.ch\/index.php?rest_route=\/wp\/v2\/types\/page"}],"author":[{"embeddable":true,"href":"https:\/\/schachenzunft.ch\/index.php?rest_route=\/wp\/v2\/users\/1"}],"replies":[{"embeddable":true,"href":"https:\/\/schachenzunft.ch\/index.php?rest_route=%2Fwp%2Fv2%2Fcomments&post=60"}],"version-history":[{"count":20,"href":"https:\/\/schachenzunft.ch\/index.php?rest_route=\/wp\/v2\/pages\/60\/revisions"}],"predecessor-version":[{"id":793,"href":"https:\/\/schachenzunft.ch\/index.php?rest_route=\/wp\/v2\/pages\/60\/revisions\/793"}],"wp:attachment":[{"href":"https:\/\/schachenzunft.ch\/index.php?rest_route=%2Fwp%2Fv2%2Fmedia&parent=60"}],"curies":[{"name":"wp","href":"https:\/\/api.w.org\/{rel}","templated":true}]}}