{"id":77,"date":"2012-04-09T11:40:23","date_gmt":"2012-04-09T09:40:23","guid":{"rendered":"http:\/\/schachenzunft.ch\/?page_id=77"},"modified":"2012-04-12T22:33:23","modified_gmt":"2012-04-12T20:33:23","slug":"was-ist-ein-schacheler","status":"publish","type":"page","link":"https:\/\/schachenzunft.ch\/?page_id=77","title":{"rendered":"die sch\u00e4cheler"},"content":{"rendered":"<p>Echte Sch\u00e4cheler sind diejenige, die unterhalb der Burg bzw. Luterbachstrasse wohnen oder dort aufgewachsen sind. Nicht zu unrecht heisst die Strasse ab dort Schachenstrasse. Zum Schachen geh\u00f6rt der Kanalweg, die Hofuhren- sowie die Frauenholzstrasse. Selbstverst\u00e4ndlich auch der Autobahnrastplatz Deitingen-S\u00fcd (Silberkugel), der AB-Rastplatz Deitingen-Nord sowie der Schache selbst, wo zur Zeit die Justiz- und Vollzugsanstalt (JVA) des Kantons Solothurn am Entstehen ist.<br \/>\nDer Schachenwald war seit je her f\u00fcr alle Sch\u00e4cheler ein Naherholungsgebiet mit bunter Tierwelt direkt an der Aare. Auch der angrenzende Golfplatz Wylihof geh\u00f6rt mittlerweile dazu.<br \/>\nIm Schachen sind, nebst den Namen Biberstein, S\u00e4gesser, Blaser, Werder und Bl\u00e4si, die Familien Frei, Br\u00fcgy, Studer, Steiner, Hoog, Felber, Gr\u00fctter, Gr\u00e4nicher, Eicher, Kofmel, Aeschlimann und Sch\u00f6nb\u00e4chler alteingesessene.<br \/>\nFr\u00fcher wurden die Sch\u00e4cheler im Dorf Deitingen als zweitklassig wahrgenommen. Viele bekamen dies in irgend einer Art negativ zu sp\u00fcren. War es in der Schule, in den Vereinen oder bei den Beh\u00f6rden. Die Familien in den 40-igern bis 60-igern-Jahren hatten es nicht leicht. Es waren Kleinbauern und Leute aus Arbeiterkreisen, die ihr Brot entweder in der Arbeitserziehungsanstalt Schachen oder in der Zellulosefabrik Attisholz verdienten.<br \/>\nDas hat sich all in den Jahren, auch durch das Wirtschaftswachstum, markant verbessert. Die Sch\u00e4cheler wurden insbesondere im Dorf aber auch im Kanton wahrgenommen. Der amtierende Gemeindepr\u00e4sident sowie sein Vorg\u00e4nger sind echte Sch\u00e4cheler. Innerhalb und ausserhalb des Dorfes nehmen Sch\u00e4cheler heute f\u00fchrende Positionen in Industrie, Verwaltung und Vereinen wahr.<br \/>\nDer Schachen, im Dorf-Teil von Deitingen, bietet auch mehrere Arbeitspl\u00e4tze. Insbesondere sind es Betriebe im Bauern- und Handwerker-Bereich. Durch die Entstehung der Justiz- und Vollzugsanstalt \u201eIM SCHACHE\u201c werden zus\u00e4tzliche Arbeitspl\u00e4tze geschaffen. Dies bringt nicht nur Vorteile, auch mehr Verkehr in die Idylle des Schachens.<br \/>\nDesto trotz sind wir als Sch\u00e4cheler alle stolz und selbstbewusst, wir freuen uns auf jedes Fest und Gemeinsamkeit.<br \/>\nDer Webmaster RadiSchoe<\/p>\n","protected":false},"excerpt":{"rendered":"<p>Echte Sch\u00e4cheler sind diejenige, die unterhalb der Burg bzw. Luterbachstrasse wohnen oder dort aufgewachsen sind. Nicht zu unrecht heisst die Strasse ab dort Schachenstrasse. Zum Schachen geh\u00f6rt der Kanalweg, die Hofuhren- sowie die Frauenholzstrasse. Selbstverst\u00e4ndlich auch der Autobahnrastplatz Deitingen-S\u00fcd (Silberkugel), der AB-Rastplatz Deitingen-Nord sowie der Schache selbst, wo zur Zeit die Justiz- und Vollzugsanstalt (JVA) [&hellip;]<\/p>\n","protected":false},"author":1,"featured_media":0,"parent":0,"menu_order":0,"comment_status":"closed","ping_status":"closed","template":"","meta":{"footnotes":""},"class_list":["post-77","page","type-page","status-publish","hentry"],"_links":{"self":[{"href":"https:\/\/schachenzunft.ch\/index.php?rest_route=\/wp\/v2\/pages\/77","targetHints":{"allow":["GET"]}}],"collection":[{"href":"https:\/\/schachenzunft.ch\/index.php?rest_route=\/wp\/v2\/pages"}],"about":[{"href":"https:\/\/schachenzunft.ch\/index.php?rest_route=\/wp\/v2\/types\/page"}],"author":[{"embeddable":true,"href":"https:\/\/schachenzunft.ch\/index.php?rest_route=\/wp\/v2\/users\/1"}],"replies":[{"embeddable":true,"href":"https:\/\/schachenzunft.ch\/index.php?rest_route=%2Fwp%2Fv2%2Fcomments&post=77"}],"version-history":[{"count":9,"href":"https:\/\/schachenzunft.ch\/index.php?rest_route=\/wp\/v2\/pages\/77\/revisions"}],"predecessor-version":[{"id":201,"href":"https:\/\/schachenzunft.ch\/index.php?rest_route=\/wp\/v2\/pages\/77\/revisions\/201"}],"wp:attachment":[{"href":"https:\/\/schachenzunft.ch\/index.php?rest_route=%2Fwp%2Fv2%2Fmedia&parent=77"}],"curies":[{"name":"wp","href":"https:\/\/api.w.org\/{rel}","templated":true}]}}